{"id":631,"date":"2015-11-22T20:19:26","date_gmt":"2015-11-22T23:19:26","guid":{"rendered":"http:\/\/www.complementatusalud.cl\/wpluna\/?page_id=631"},"modified":"2015-12-20T23:58:09","modified_gmt":"2015-12-21T02:58:09","slug":"votos-y-decretos-karmicos","status":"publish","type":"page","link":"https:\/\/www.arcavioleta.cl\/?page_id=631","title":{"rendered":"Votos y decretos Karmicos"},"content":{"rendered":"<p><div class=\"et_pb_section et_section_regular\">\n\t\t\t\n\t\t\t\n\t\t\t\t\n\t\t\t\t<div class=\"et_pb_row et_pb_row_empty\">\n\t\t\t\n\t\t<\/div> <!-- .et_pb_row et_pb_row_empty -->\n\t\t\t\n\t\t<\/div> <!-- .et_pb_section --><div class=\"et_pb_section et_section_specialty\">\n\t\t\t\n\t\t\t<div class=\"et_pb_row\">\n\t\t\t\t\n\t\t\t\t<div class=\"et_pb_column et_pb_column_1_4\">\n\t\t\t<img decoding=\"async\" src=\"http:\/\/www.complementatusalud.cl\/wpluna\/wp-content\/uploads\/2015\/03\/b_000006.jpg\" alt=\"\" class=\"et-waypoint et_pb_image et_pb_animation_left\" \/>\n\t\t<\/div> <!-- .et_pb_column --><div class=\"et_pb_column et_pb_column_3_4\">\n\t\t\t<div class=\"et_pb_row_inner\">\n\t\t\t<div class=\"et_pb_column et_pb_column_4_4 et_pb_column_inner\">\n\t\t\t<div class=\"et_pb_text et_pb_bg_layout_light et_pb_text_align_left\">\n\t\t\t\n<p style=\"text-align: justify;\"><strong><span style=\"text-decoration: underline;\"><em>Revocaci\u00f3n de decretos y votos Karmicos<\/em><\/span><\/strong><\/p>\n<p style=\"text-align: justify;\">Te invitamos a profundizar en tu proceso de sanaci\u00f3n reconociendo que muchos de los aspectos que no nos dejan avanzar, provienen de la herencia manifestada por nuestros padres. Estos aspectos a su vez son decretos que hicimos en vidas pasadas en donde dado el sufrimiento que vivimos, decretamos nunca mas vivir ciertas experiencias o decretamos una uni\u00f3n por toda la eternidad, especialmente cuando fuimos parte de ordenes religiosas y decretamos entregar nuestra abundancia y bienes a la iglesia o decretamos votos de castidad y de silencio entre otros. Nuestra invitaci\u00f3n es a reconectar con nuestra esencia y revocar todas las cadenas que est\u00e1n interfiriendo en nuestro presente.<\/p>\n<p style=\"text-align: justify;\">Nuestras actividades se enmarcan en hermosos encuentros meditativos de liberaci\u00f3n quantica en donde restableceremos nuestro cuerpo f\u00edsico, mental, emocional y energ\u00e9tico, junto con ello se entregaran la mediciones de decretos \u00a0que hicimos en vidas pasadas y en esta vida, revocando grupalmente los primeros decretos y entregando las mediciones de votos pendientes dependiendo de la tem\u00e1tica de revocaci\u00f3n a la que deseas asistir\u00a0para avanzar y profundizar en tu proceso de auto- sanaci\u00f3n cortando y transmutando todos los temas pendientes.<\/p>\n<p style=\"text-align: justify;\"><strong>Meditaci\u00f3n para la Abundancia y Revocaci\u00f3n de votos de Pobreza:<\/strong>Trabajaremos sobre todos aquellos decretos que hicimos en esta vida y en vidas pasadas en donde rehusamos de nuestra abundancia, trabajaremos el poder de la palabra para co-crear nuestra vida y lograr las metas requeridas.<\/p>\n<p style=\"text-align: justify;\"><strong>Meditaci\u00f3n para revocar el Abandono y el destierro:\u00a0<\/strong><\/p>\n<p style=\"text-align: justify;\">Reconoceremos que toda limitaci\u00f3n parte por el abandono recibido por otros, por el abandono hacia nosotros mismos \u00a0y por las veces en que hemos abandonado.\u00a0Junto con ello reconoceremos que esta dolencia\u00a0tambi\u00e9n\u00a0es parte del destierro\u00a0recibido por parte de nuestras familias, de nuestra tierra y de nuestras\u00a0ra\u00edces, restableciendo esta dolencia en esta vida y en vidas pasadas para que no vuelvan a repetir<\/p>\n<p style=\"text-align: justify;\"><strong>Meditaci\u00f3n para revocar el Auto-castigo y Flajelaci\u00f3n:<\/strong><\/p>\n<p style=\"text-align: justify;\">El autocastigo es todo aquello que va en contra de nuestro amor y bienestar , se basa en la culpa y en la \u00a0falta de amor propio. se traduce en acciones que nos causan dolor, ejemplo: \u00a0estas pasando por una separaci\u00f3n y dejas de comer, se altera el sistema nervioso y comienzas a morder las u\u00f1as , se manifiesta la culpa y te comienzan a limitar en pasarlo bien y dejas \u00a0de tomar decisiones certeras, dado que no te sientes merecedor a estar en armon\u00eda con el universo. Cuando llegas al punto de la flajelaci\u00f3n es cuando ya las limitaciones que te auto- impusiste, no son suficientes para tu culpa, y comienzas a infringir dolor a tu cuerpo, ligando estas circunstancias a la constante pena. Reconoceremos esta dolencia para revocarla completamente del sistema para alcanzar el gozo en armon\u00eda.<\/p>\n<p style=\"text-align: justify;\"><strong>Meditaci\u00f3n para revocar votos de Silencio:<\/strong><\/p>\n<p style=\"text-align: justify;\">Conectaremos con todas aquellas palabras y temas pendientes que no has podido decir, con todas aquellas palabras que has callado por imposici\u00f3n y por decisi\u00f3n propia. Te invitamos a liberar y a restablecer a trav\u00e9s de esta \u00a0hermosa meditaci\u00f3n en donde \u00a0revocaremos los votos de silencio \u00a0para que desde el amor puedas decir amablemente todo lo que se sientes y lo que deseas.<\/p>\n<p style=\"text-align: justify;\"><strong>Meditaci\u00f3n para revocar la Soledad y el Aislamiento:<\/strong><\/p>\n<p style=\"text-align: justify;\">Estar Solo o sentirse solo y aislado no es una casualidad, es una decisi\u00f3n ya sea consciente o inconsciente. Se produce por el dolor y da\u00f1o causado, es un mecanismo de defensa para no volver a vivir el dolor, el da\u00f1o, la traici\u00f3n, el abuso entre otros.\u00a0\u00a0Muchos de estos votos tambi\u00e9n fueron realizados en vidas pasadas en donde elegimos ser parte de ordenes religiosas y en donde decidimos aislarnos y servir. Revocaremos esta dolencia para abrirnos a la posibilidad de compartir nuestra vida amablemente con todo nuestro entorno<\/p>\n<p style=\"text-align: justify;\"><strong>Meditaci\u00f3n para revocar \u00a0la Sumisi\u00f3n y Obediencia<\/strong><\/p>\n<p style=\"text-align: justify;\">Aceptar sumirse a la realidad 0 a la autoridad, es entregar nuestra voluntad a otra persona, esta dolencia se debe a nuestra baja autoestima y al miedo; muchas veces se refleja en desarrollarnos laboralmente \u00a0en algo que no nos gusta, en permitir el maltrato y abuso de terceros y en negarnos a decidir . Te invitamos a liberar y re-conectar contigo, reconociendo cada aspecto de ti, para darnos la posibilidad de decidir vivir la vida de la forma y de la manera que cada uno merecemos.<\/p>\n<p style=\"text-align: justify;\"><strong>Meditaci\u00f3n para revocar votos de Castidad:<\/strong><\/p>\n<p style=\"text-align: justify;\">Los votos de castidad son todos aquellos en donde decretamos limitarnos en los placeres sexuales y mundanos ya se por pertenecer a ordenes religiosas en vidas pasadas o por tener muy acentuado aspecto valoricos y morales traspasados por nuestra herencia familiar o social, te invitamos a liberar estos votos para recibir el gozo en la vida no solo en los aspecto sexuales, si no para aprender a disfrutar de todos los aspectos terrenales.<\/p>\n<p style=\"text-align: justify;\"><strong>Meditaci\u00f3n para revocar votos de apego.<\/strong><\/p>\n<p style=\"text-align: justify;\">El apego es la naturaleza del ser humano, es la naturaleza de la existencia, nuestras primeras sensaciones son de apego hacia nuestra madre, sensaci\u00f3n que se desvirt\u00faa con el tiempo, dada la sensaci\u00f3n de miedo y de abandono, esta se exacerba en vivencias de pareja, relaciones tormentosas, enfermedades etc. La esencia del ser humano tambi\u00e9n es la libertad y esa se consigue estando con nosotros mismos y cortando con todas aquellas cadenas que no nos dejan avanzar. Especialmente todos aquellos decretos que hicimos en esta vida, como por ejemplo: te amare por toda la eternidad o siempre estar\u00e9 contigo, de ahora en adelante estar\u00e9 solo etc.<\/p>\n<p style=\"text-align: justify;\">\n\n\t\t<\/div> <!-- .et_pb_text -->\n\t\t<\/div> <!-- .et_pb_column -->\n\t\t<\/div> <!-- .et_pb_row_inner -->\n\t\t<\/div> <!-- .et_pb_column -->\n\t\t\t<\/div> <!-- .et_pb_row -->\n\t\t<\/div> <!-- .et_pb_section --><\/p>\n","protected":false},"excerpt":{"rendered":"","protected":false},"author":3,"featured_media":0,"parent":0,"menu_order":0,"comment_status":"closed","ping_status":"open","template":"","meta":{"footnotes":""},"class_list":["post-631","page","type-page","status-publish","hentry"],"_links":{"self":[{"href":"https:\/\/www.arcavioleta.cl\/index.php?rest_route=\/wp\/v2\/pages\/631","targetHints":{"allow":["GET"]}}],"collection":[{"href":"https:\/\/www.arcavioleta.cl\/index.php?rest_route=\/wp\/v2\/pages"}],"about":[{"href":"https:\/\/www.arcavioleta.cl\/index.php?rest_route=\/wp\/v2\/types\/page"}],"author":[{"embeddable":true,"href":"https:\/\/www.arcavioleta.cl\/index.php?rest_route=\/wp\/v2\/users\/3"}],"replies":[{"embeddable":true,"href":"https:\/\/www.arcavioleta.cl\/index.php?rest_route=%2Fwp%2Fv2%2Fcomments&post=631"}],"version-history":[{"count":7,"href":"https:\/\/www.arcavioleta.cl\/index.php?rest_route=\/wp\/v2\/pages\/631\/revisions"}],"predecessor-version":[{"id":694,"href":"https:\/\/www.arcavioleta.cl\/index.php?rest_route=\/wp\/v2\/pages\/631\/revisions\/694"}],"wp:attachment":[{"href":"https:\/\/www.arcavioleta.cl\/index.php?rest_route=%2Fwp%2Fv2%2Fmedia&parent=631"}],"curies":[{"name":"wp","href":"https:\/\/api.w.org\/{rel}","templated":true}]}}