{"id":501,"date":"2015-10-27T16:06:59","date_gmt":"2015-10-27T19:06:59","guid":{"rendered":"http:\/\/www.complementatusalud.cl\/wpluna\/?page_id=501"},"modified":"2021-07-22T18:40:44","modified_gmt":"2021-07-22T22:40:44","slug":"terapia-presencial","status":"publish","type":"page","link":"https:\/\/www.arcavioleta.cl\/?page_id=501","title":{"rendered":"Preguntas frecuentes"},"content":{"rendered":"<div class=\"et_pb_section et_section_regular\">\n\t\t\t\n\t\t\t\n\t\t\t\t\n\t\t\t\t<div class=\"et_pb_row\">\n\t\t\t<div class=\"et_pb_column et_pb_column_1_3\">\n\t\t\t<img decoding=\"async\" src=\"http:\/\/www.arcavioleta.cl\/wp-content\/uploads\/2015\/10\/1626989507353.jpg\" alt=\"\" class=\"et-waypoint et_pb_image et_pb_animation_left\" \/>\n\t\t<\/div> <!-- .et_pb_column --><div class=\"et_pb_column et_pb_column_2_3\">\n\t\t\t<div class=\"et_pb_text et_pb_bg_layout_light et_pb_text_align_left\">\n\t\t\t\n<p>Si tienes dudas referente a los Talleres, seminarios , Diplomado , aqu\u00ed tienes una gu\u00eda , si tu duda no esta respondida escribele directamente a la Instructora al whassap \u00b4+56977494608 o al mail arcavioleta@gmail.com<\/p>\n<p><em><strong>PREGUNTAS FRECUENTES SOBRE TALLERES<\/strong><\/em><\/p>\n<ul>\n<li><strong>\u00bf Me tengo que inscribir con anticipaci\u00f3n?<\/strong>: Si te tienes que inscribir con anticipaci\u00f3n y reservar con pago anticipado, ya sea por transferencia o con credito, en cada anuncio encontraras el bot\u00f3n de pago, una vez realizado el pago enviar correo con el\u00a0 voucher de pago con tu nombre, rut, tel\u00e9fono, un d\u00eda antes al taller se enviara correo de coordinaci\u00f3n con link, favor leerlo con anticipaci\u00f3n y confirmar recepci\u00f3n.<\/li>\n<li><strong>\u00bf Las sesiones son por zoom?: <\/strong>No son por zoom, el sistema que ocupamos en este momento es MEET, desde tu pc podr\u00e1s ingresar directamente, desde tu celular debes descargar la app, igual que todos los programas de conexion.<\/li>\n<li><strong>\u00bf Los talleres son grabados? <\/strong>No son grabados puesto que las tem\u00e1ticas que se abordan son relacionadas con memorias dolorosas, ofrecemos un espacio seguro para que los participantes puedan hacer preguntas y contar su historia.<\/li>\n<li><strong>\u00bf Que pasa si pague mi cupo y no puedo asistir?<\/strong>: Si no puedes asistir al taller, se enviara el material que se entregara en el taller a tu correo,\u00a0 si das aviso con anticipaci\u00f3n podr\u00e1s participar en la siguiente fecha, tienes que estar atent@ a las programaciones puesto que es tu responsabilidad realizar nuevamente tu inscripci\u00f3n, tambi\u00e9n si das aviso con anticipo puede enviar los datos de alg\u00fan beneficiario que desees que tome el taller. Lo pagado no se reembolsa ya que el cupo queda reservado para ti o tu beneficiario.<\/li>\n<li><strong>\u00bf Como se paga desde el extranjero?<\/strong> El valor que veras en las publicaciones est\u00e1n en pesos y horario de Chile, el pago es por transferencia internacional, recomendamos el sistema de pago wordlremit, para saber cual es el\u00a0 valor en tu moneda debes ir a google y hacer el cambio de divisas, los datos de transferencia est\u00e1n en el bot\u00f3n de pago correspondiente.<\/li>\n<li><strong>\u00bf Se puede pagar por paypal?<\/strong> Si se puede pero el valor incluye el inter\u00e9s de cambio de divisas, te es mas econ\u00f3mico transferir.<\/li>\n<li><strong>\u00bf Despu\u00e9s del Taller, me puedo sentir malestar?<\/strong> No deber\u00edas sentir malestar f\u00edsico, los talleres son de auto-conocimiento y sanaci\u00f3n, si sientes malestar f\u00edsico se puede deber aun proceso de estr\u00e9s vivido anteriormente, si persiste el malestar recuerda acudir al profesional adecuado.<\/li>\n<\/ul>\n<p><em><strong>PREGUNTAS FRECUENTES SEMINARIO DE REVOCACION DE POBREZA Y PLANIFICACION DE LA ABUNDANCIA<\/strong><\/em><\/p>\n<ul>\n<li><strong>\u00bf Me tengo que inscribir con anticipaci\u00f3n?<\/strong>: Si te tienes que inscribir con anticipaci\u00f3n en el anuncio aparece la fecha de cierre de inscripci\u00f3n, es necesario que te planifiques con tiempo ya que incluye una sesi\u00f3n de evaluacion que se agenda antes del inicio del seminario. Se reservar con pago anticipado, ya sea por transferencia o con credito, en cada anuncio encontraras el bot\u00f3n de pago, una vez realizado el pago enviar correo con el\u00a0 voucher de pago con tu nombre, rut, tel\u00e9fono, durante la semana de inicio del seminario\u00a0 se enviara correo de coordinaci\u00f3n con link, favor leerlo con anticipaci\u00f3n y confirmar recepci\u00f3n.<\/li>\n<li><strong>\u00bf Las sesiones son por zoom?:\u00a0<\/strong>No son por zoom, el sistema que ocupamos en este momento es MEET, desde tu pc podr\u00e1s ingresar directamente, desde tu celular debes descargar la app, igual que todos los programas de conexi\u00f3n.<\/li>\n<li><strong>\u00bf Que pasa si pague mi cupo y no puedo asistir?<\/strong>: Si no puedes asistir al seminario el monto de reserva no se reembolsa ya que el cupo queda reservado para ti.<\/li>\n<li><strong>\u00bf Que pasa si no puedo continuar los 3 meses de seminario?<\/strong> Si no puedes continuar debes dar aviso con antiicpacion y podras retomar en la siguiente generacion, debes estar atent@ a la programacion y re-inscripcion ya que si no te sumas se pierde lo pagado.<\/li>\n<li><strong>\u00bf El\u00a0 Seminario queda grabado?\u00a0<\/strong>No queda grabado, es necesario que te planifiques, en cada clase se enviara el material y en cada inicio de las sesiones se repasa lo anteriormente visto.<\/li>\n<li><strong>\u00bf Como se paga desde el extranjero?<\/strong>\u00a0El valor que veras en las publicaciones est\u00e1n en pesos y horario de Chile, el pago es por transferencia internacional, recomendamos el sistema de pago wordlremit, para saber cual es el\u00a0 valor en tu moneda debes ir a google y hacer el cambio de divisas, los datos de transferencia est\u00e1n en el bot\u00f3n de pago correspondiente.<\/li>\n<\/ul>\n<p><em><strong>PREGUNTAS FRECUENTES DIPLOMADO DE SANACION Y REVOCACION KARMICA<\/strong><\/em><\/p>\n<ul>\n<li><strong>\u00bf Me tengo que inscribir con anticipaci\u00f3n?<\/strong>: Si te tienes que inscribir con anticipaci\u00f3n para que aporveches el valor preventa y las facilidades de pago,\u00a0 en el anuncio aparecera la fecha de cierre de inscripci\u00f3n, es necesario que te planifiques con tiempo ya que incluye una sesi\u00f3n de evaluaci\u00f3n que se agenda antes del inicio del Diplomado. Se reservar con pago anticipado, ya sea por transferencia o con credito, en el\u00a0 anuncio encontraras el bot\u00f3n de pago, una vez realizado el pago enviar correo con el\u00a0 voucher de pago con tu nombre, rut, tel\u00e9fono, durante la semana de inicio del seminario\u00a0 se enviara correo de coordinaci\u00f3n con link, favor leerlo con anticipaci\u00f3n y confirmar recepci\u00f3n.<\/li>\n<li><b>\u00bf Se puede pagar en cuotas ? <\/b>Si pagas con credito puedes elegir las cuotas que desees, si pagas con transferencia los pagos son los primeros 3 d\u00edas\u00a0del mes antes del inicio de clases, la cantidad de cuotas por transferencias van variando seg\u00fan\u00a0el mes que te inscribas, por lo mismo inscribete con anticipacion para que tu cuota sea de menor valor y adelantes tus abonos.<\/li>\n<li><strong>\u00bf Las clases son grabadas? <\/strong>No son grabadas, solo se graban las practicas y se envia el material\u00a0 en pdf de cada clase<\/li>\n<li>SOBRE LAS TERAPIAS PINCHA\u00a0\u00a0<a href=\"https:\/\/www.arcavioleta.cl\/?page_id=46\">AQUI<\/a>\u00a0PARA VER LA INFORMACION<\/li>\n<\/ul>\n\n\t\t<\/div> <!-- .et_pb_text -->\n\t\t<\/div> <!-- .et_pb_column -->\n\t\t<\/div> <!-- .et_pb_row -->\n\t\t\t\n\t\t<\/div> <!-- .et_pb_section -->\n","protected":false},"excerpt":{"rendered":"","protected":false},"author":3,"featured_media":0,"parent":0,"menu_order":0,"comment_status":"closed","ping_status":"open","template":"","meta":{"footnotes":""},"class_list":["post-501","page","type-page","status-publish","hentry"],"_links":{"self":[{"href":"https:\/\/www.arcavioleta.cl\/index.php?rest_route=\/wp\/v2\/pages\/501","targetHints":{"allow":["GET"]}}],"collection":[{"href":"https:\/\/www.arcavioleta.cl\/index.php?rest_route=\/wp\/v2\/pages"}],"about":[{"href":"https:\/\/www.arcavioleta.cl\/index.php?rest_route=\/wp\/v2\/types\/page"}],"author":[{"embeddable":true,"href":"https:\/\/www.arcavioleta.cl\/index.php?rest_route=\/wp\/v2\/users\/3"}],"replies":[{"embeddable":true,"href":"https:\/\/www.arcavioleta.cl\/index.php?rest_route=%2Fwp%2Fv2%2Fcomments&post=501"}],"version-history":[{"count":14,"href":"https:\/\/www.arcavioleta.cl\/index.php?rest_route=\/wp\/v2\/pages\/501\/revisions"}],"predecessor-version":[{"id":2268,"href":"https:\/\/www.arcavioleta.cl\/index.php?rest_route=\/wp\/v2\/pages\/501\/revisions\/2268"}],"wp:attachment":[{"href":"https:\/\/www.arcavioleta.cl\/index.php?rest_route=%2Fwp%2Fv2%2Fmedia&parent=501"}],"curies":[{"name":"wp","href":"https:\/\/api.w.org\/{rel}","templated":true}]}}