{"id":499,"date":"2015-10-27T16:04:44","date_gmt":"2015-10-27T19:04:44","guid":{"rendered":"http:\/\/www.complementatusalud.cl\/wpluna\/?page_id=499"},"modified":"2015-10-27T23:32:58","modified_gmt":"2015-10-28T02:32:58","slug":"sanaciones-a-distancia","status":"publish","type":"page","link":"https:\/\/www.arcavioleta.cl\/?page_id=499","title":{"rendered":"Sanaciones a Distancia"},"content":{"rendered":"<div class=\"et_pb_section et_section_regular\">\n\t\t\t\n\t\t\t\n\t\t\t\t\n\t\t\t\t<div class=\"et_pb_row\">\n\t\t\t<div class=\"et_pb_column et_pb_column_1_3 et_pb_column_empty\">\n\t\t\t\n\t\t<\/div> <!-- .et_pb_column --><div class=\"et_pb_column et_pb_column_2_3\">\n\t\t\t<div class=\"et_pb_text et_pb_bg_layout_light et_pb_text_align_left\">\n\t\t\t\n<p style=\"text-align: justify;\"><em><strong>Sanaciones a Distancia<\/strong><\/em><\/p>\n<p class=\"western\" lang=\"es-ES\" style=\"text-align: justify;\">La sanaci\u00f3n distancia es un espacio de servicio creado para enviar asistencia a todo el que lo requiere, contamos con mas 200 sanadores que an\u00f3nimamente trabajan al servicio del bienestar de las personas como apoyo a su proceso de sanaci\u00f3n.<\/p>\n<p class=\"western\" lang=\"es-ES\" style=\"text-align: justify;\">Si deseas recibir Sanaci\u00f3n a distancia o armonizaci\u00f3n escr\u00edbenos solicitando formulario al mail <strong>lluviacirculosdeluz@gmail.com<\/strong><\/p>\n<p class=\"western\" lang=\"es-ES\" style=\"text-align: justify;\">Si quieres ser parte de esta red agr\u00e9ganos al fans page de facebook \u201cGrupo de oraci\u00f3n y env\u00edo de luz\u201d dale un me gusta y estar\u00e1s recibiendo la actualizaci\u00f3n de las personas que requieren de nuestro apoyo. Junto con ello env\u00edanos tus datos al correo <strong><span style=\"color: #0000ff;\"><span style=\"text-decoration: underline;\"><a href=\"mailto:urgenciasdeluz@gmail.com\">urgenciasdeluz@gmail.com<\/a><\/span><\/span><\/strong> con asunto <b>: agregar a base de datos de servicio, <\/b> para recibir cada quincena la lista mensual.<\/p>\n<p style=\"text-align: justify;\">!Expande el servicio incondicional, expande tu luz!<\/p>\n\n\t\t<\/div> <!-- .et_pb_text -->\n\t\t<\/div> <!-- .et_pb_column -->\n\t\t<\/div> <!-- .et_pb_row -->\n\t\t\t\n\t\t<\/div> <!-- .et_pb_section -->\n","protected":false},"excerpt":{"rendered":"","protected":false},"author":3,"featured_media":0,"parent":0,"menu_order":0,"comment_status":"closed","ping_status":"open","template":"","meta":{"footnotes":""},"class_list":["post-499","page","type-page","status-publish","hentry"],"_links":{"self":[{"href":"https:\/\/www.arcavioleta.cl\/index.php?rest_route=\/wp\/v2\/pages\/499","targetHints":{"allow":["GET"]}}],"collection":[{"href":"https:\/\/www.arcavioleta.cl\/index.php?rest_route=\/wp\/v2\/pages"}],"about":[{"href":"https:\/\/www.arcavioleta.cl\/index.php?rest_route=\/wp\/v2\/types\/page"}],"author":[{"embeddable":true,"href":"https:\/\/www.arcavioleta.cl\/index.php?rest_route=\/wp\/v2\/users\/3"}],"replies":[{"embeddable":true,"href":"https:\/\/www.arcavioleta.cl\/index.php?rest_route=%2Fwp%2Fv2%2Fcomments&post=499"}],"version-history":[{"count":2,"href":"https:\/\/www.arcavioleta.cl\/index.php?rest_route=\/wp\/v2\/pages\/499\/revisions"}],"predecessor-version":[{"id":535,"href":"https:\/\/www.arcavioleta.cl\/index.php?rest_route=\/wp\/v2\/pages\/499\/revisions\/535"}],"wp:attachment":[{"href":"https:\/\/www.arcavioleta.cl\/index.php?rest_route=%2Fwp%2Fv2%2Fmedia&parent=499"}],"curies":[{"name":"wp","href":"https:\/\/api.w.org\/{rel}","templated":true}]}}