{"id":467,"date":"2015-10-21T23:44:47","date_gmt":"2015-10-22T02:44:47","guid":{"rendered":"http:\/\/www.complementatusalud.cl\/wpluna\/?page_id=467"},"modified":"2017-08-22T17:35:11","modified_gmt":"2017-08-22T20:35:11","slug":"sanacion-lluvia-circulos-de-luz","status":"publish","type":"page","link":"https:\/\/www.arcavioleta.cl\/?page_id=467","title":{"rendered":"Sanaci\u00f3n Lluvia C\u00edrculos de Luz"},"content":{"rendered":"<div class=\"et_pb_section et_section_regular\">\n\t\t\t\n\t\t\t\n\t\t\t\t\n\t\t\t\t<div class=\"et_pb_row\">\n\t\t\t<div class=\"et_pb_column et_pb_column_4_4\">\n\t\t\t<div class=\"et_pb_text et_pb_bg_layout_light et_pb_text_align_center\">\n\t\t\t\n<h1>Sanaci\u00f3n Lluvia C\u00edrculos de Luz<\/h1>\n\n\t\t<\/div> <!-- .et_pb_text -->\n\t\t<\/div> <!-- .et_pb_column -->\n\t\t<\/div> <!-- .et_pb_row --><div class=\"et_pb_row\">\n\t\t\t<div class=\"et_pb_column et_pb_column_1_3\">\n\t\t\t<img decoding=\"async\" src=\"http:\/\/www.complementatusalud.cl\/wpluna\/wp-content\/uploads\/2015\/03\/b_000001.jpg\" alt=\"\" class=\"et-waypoint et_pb_image et_pb_animation_left\" \/>\n\t\t<\/div> <!-- .et_pb_column --><div class=\"et_pb_column et_pb_column_2_3\">\n\t\t\t<div class=\"et_pb_text et_pb_bg_layout_light et_pb_text_align_left\">\n\t\t\t\n<p>La sanaci\u00f3n emocional LLuvia Circulos de luz es una nueva tecnica de sanaci\u00f3n entregada por Maestra Ascendida Lady Rowena, maestra del Amor y de la perfecci\u00f3n divina en el a\u00f1o 2012.<\/p>\n<p>Son peque\u00f1as esferas de luz que penetran hasta la base los chacras\u00a0y de los \u00f3rganos, liberando\u00a0toda energia disonante y armonizando todos nuestros cuerpos y niveles.<\/p>\n<p>Te invitamos a sanar el cuerpo, sanando el coraz\u00f3n.<\/p>\n<p>&nbsp;<\/p>\n<p><strong>Beneficios:<\/strong><\/p>\n<ul>\n<li>Sanaci\u00f3n emocional, mental, f\u00edsica y et\u00e9rica por\u00a0\u00f3rganos\u00a0asociados.<\/li>\n<li>Libera la presi\u00f3n emocional y\u00a0energ\u00e9tica\u00a0negativa de los chacras y\u00a0\u00f3rganos asociados a las dolencias del solicitante, cerrando fisuras y desbloqueando en el instante.<\/li>\n<li>Regenera\u00a0c\u00e9lulas\u00a0y neuronas.<\/li>\n<li>Sana, restablece y equilibra desde el chacra.<\/li>\n<li>Disminuye crisis emocionales y \u00a0psicol\u00f3gicas\u00a0en el instante.<\/li>\n<li>El solicitante conecta su sanaci\u00f3n desde el amor y el perd\u00f3n.<\/li>\n<li>Disminuye dualidad y acelera los procesos de toma de\u00a0decisi\u00f3n.<\/li>\n<li>Sana presencial y a distancia.<\/li>\n<li>Auto- sanaci\u00f3n.<\/li>\n<li>Servicio de sanaci\u00f3n a la tierra y a los espacios.<\/li>\n<li>Estudio de las enfermedades desde su ra\u00edz y como se manifiestan en el cuerpo f\u00edsico.<\/li>\n<\/ul>\n<p>Este hermoso curso es parte del programa de Diplomado Suprema Sanaci\u00f3n Quantica a\u00f1o 2018, en regiones el curso se puede dar independiente del Diplomado.<\/p>\n<p>S\u00edguenos en nuestros fans page <a href=\"https:\/\/www.facebook.com\/complementatusalud.cl\/?ref=ts&amp;fref=ts\">Complementa tu salud <\/a>y no te pierdas las hermosas jornadas de sanaci\u00f3n<\/p>\n\n\t\t<\/div> <!-- .et_pb_text -->\n\t\t<\/div> <!-- .et_pb_column -->\n\t\t<\/div> <!-- .et_pb_row -->\n\t\t\t\n\t\t<\/div> <!-- .et_pb_section -->\n","protected":false},"excerpt":{"rendered":"","protected":false},"author":1,"featured_media":0,"parent":0,"menu_order":0,"comment_status":"closed","ping_status":"open","template":"","meta":{"footnotes":""},"class_list":["post-467","page","type-page","status-publish","hentry"],"_links":{"self":[{"href":"https:\/\/www.arcavioleta.cl\/index.php?rest_route=\/wp\/v2\/pages\/467","targetHints":{"allow":["GET"]}}],"collection":[{"href":"https:\/\/www.arcavioleta.cl\/index.php?rest_route=\/wp\/v2\/pages"}],"about":[{"href":"https:\/\/www.arcavioleta.cl\/index.php?rest_route=\/wp\/v2\/types\/page"}],"author":[{"embeddable":true,"href":"https:\/\/www.arcavioleta.cl\/index.php?rest_route=\/wp\/v2\/users\/1"}],"replies":[{"embeddable":true,"href":"https:\/\/www.arcavioleta.cl\/index.php?rest_route=%2Fwp%2Fv2%2Fcomments&post=467"}],"version-history":[{"count":8,"href":"https:\/\/www.arcavioleta.cl\/index.php?rest_route=\/wp\/v2\/pages\/467\/revisions"}],"predecessor-version":[{"id":1057,"href":"https:\/\/www.arcavioleta.cl\/index.php?rest_route=\/wp\/v2\/pages\/467\/revisions\/1057"}],"wp:attachment":[{"href":"https:\/\/www.arcavioleta.cl\/index.php?rest_route=%2Fwp%2Fv2%2Fmedia&parent=467"}],"curies":[{"name":"wp","href":"https:\/\/api.w.org\/{rel}","templated":true}]}}