{"id":46,"date":"2015-03-12T16:12:06","date_gmt":"2015-03-12T19:12:06","guid":{"rendered":"http:\/\/www.complementatusalud.cl\/wp\/?page_id=46"},"modified":"2021-12-27T16:04:57","modified_gmt":"2021-12-27T19:04:57","slug":"46-2","status":"publish","type":"page","link":"https:\/\/www.arcavioleta.cl\/?page_id=46","title":{"rendered":"Terapia Revocacion karmica"},"content":{"rendered":"<p><div class=\"et_pb_section et_section_regular\" style='background-color:#e5e5e5;'>\n\t\t\t\n\t\t\t\n\t\t\t\t\n\t\t\t\t<div class=\"et_pb_row\">\n\t\t\t<div class=\"et_pb_column et_pb_column_4_4\">\n\t\t\t<div class=\"et_pb_text et_pb_bg_layout_light et_pb_text_align_left\">\n\t\t\t\n<p style=\"text-align: justify;\">La Terapia de sanaci\u00f3n y revocaci\u00f3n karmica es un viaje a comprender las dolencias f\u00edsicas, emocionales y energ\u00e9ticas<\/p>\n<p style=\"text-align: justify;\">y liberarlas desde la raiz, se aborda desde el motivo de consulta del solicitante, si el solicitante no tiene claro que es lo que desea trabajar en la primera sesi\u00f3n se miden y abordan las tem\u00e1ticas para definir el plan terap\u00e9utico.<\/p>\n<p style=\"text-align: justify;\">A medida que la terapia va avanzando se van entregando herramientas de auto-sanaci\u00f3n.<\/p>\n<p style=\"text-align: justify;\"><span style=\"text-decoration: underline;\"><b><span style=\"text-decoration: underline;\">Tem\u00e1ticas<\/span><\/b><strong style=\"text-decoration-line: underline;\">\u00a0mas recurrentes que te pueden ayudar a definir tu motivo de consulta:<\/strong><\/span><\/p>\n<p style=\"text-align: justify;\">\u23e9 Corte de lazos de pareja u otros.<\/p>\n<p style=\"text-align: justify;\">\u23e9 Abandono<\/p>\n<p style=\"text-align: justify;\">\u23e9 Soledad<\/p>\n<p style=\"text-align: justify;\">\u23e9 Desmerecimiento<\/p>\n<p style=\"text-align: justify;\">\u23e9 Tem\u00e1ticas de pareja<\/p>\n<p style=\"text-align: justify;\">\u23e9 Autoestima y empoderamiento<\/p>\n<p style=\"text-align: justify;\">\u23e9 Dolor emocional<\/p>\n<p style=\"text-align: justify;\">\u23e9 Maltrato<\/p>\n<p style=\"text-align: justify;\"><span style=\"text-decoration: underline;\"><strong>Valor:<\/strong><\/span><\/p>\n<p style=\"text-align: justify;\">El valor de cada sesi\u00f3n es de $35.000 pesos Chilenos, la frecuencia de las sesiones acorde a\u00a0 evaluaci\u00f3n puede ser semanalmente, cada 15 d\u00edas o una vez al mes. Si el solicitante no puede pagar el total de cada sesi\u00f3n,\u00a0 se eval\u00faa en el primer encuentro el descuento requerido.<\/p>\n<p style=\"text-align: justify;\"><strong>La sesiones son online por el sistema Meet, la primera sesi\u00f3n se transfiere al momento de agendar y las siguientes un d\u00eda antes de la terapia.<\/strong><\/p>\n<p style=\"text-align: justify;\">Facilita Alejandra Rozas Rojas: Terapeuta emocional en sanaci\u00f3n y revocaci\u00f3n karmica, creadora del m\u00e9todo de sanaci\u00f3n y revocaci\u00f3n karmica, creadora del m\u00e9todo de reconexi\u00f3n activaci\u00f3n de la gl\u00e1ndula del timo y los 13 niveles de sanaci\u00f3n, canalizadora de Suprema sanaci\u00f3n cu\u00e1ntica y revocaci\u00f3n de votos karmicos apunay.<\/p>\n<p style=\"text-align: justify;\">Reservas directamente al whassap +56977494608<\/p>\n<p>&nbsp;<\/p>\n\n\t\t<\/div> <!-- .et_pb_text -->\n\t\t<\/div> <!-- .et_pb_column -->\n\t\t<\/div> <!-- .et_pb_row -->\n\t\t\t\n\t\t<\/div> <!-- .et_pb_section --><div class=\"et_pb_section et_section_regular\" style='background-color:#ffffff;'>\n\t\t\t\n\t\t\t\n\t\t\t\t\n\t\t\t\t<div class=\"et_pb_row\">\n\t\t\t<div class=\"et_pb_column et_pb_column_1_4\">\n\t\t\t<a href=\"\" class=\"et_pb_lightbox_image\" title=\"\"><img decoding=\"async\" src=\"\" alt=\"\" class=\"et-waypoint et_pb_image et_pb_animation_fade_in\" \/><\/a>\n\t\t<\/div> <!-- .et_pb_column --><div class=\"et_pb_column et_pb_column_3_4\">\n\t\t\t<div class=\"et_pb_team_member et_pb_team_member_no_image et_pb_bg_layout_light clearfix\">\n\t\t\t\n\t\t\t<div class=\"et_pb_team_member_description\">\n\t\t\t\t<h4>construccion<\/h4>\n\t\t\t\t<p class=\"et_pb_member_position\">...<\/p>\n\t\t\t\t\n\t\t\t\t\n\t\t\t<\/div> <!-- .et_pb_team_member_description -->\n\t\t<\/div> <!-- .et_pb_team_member -->\n\t\t<\/div> <!-- .et_pb_column -->\n\t\t<\/div> <!-- .et_pb_row -->\n\t\t\t\n\t\t<\/div> <!-- .et_pb_section --><\/p>\n","protected":false},"excerpt":{"rendered":"","protected":false},"author":1,"featured_media":0,"parent":0,"menu_order":0,"comment_status":"closed","ping_status":"closed","template":"","meta":{"footnotes":""},"class_list":["post-46","page","type-page","status-publish","hentry"],"_links":{"self":[{"href":"https:\/\/www.arcavioleta.cl\/index.php?rest_route=\/wp\/v2\/pages\/46","targetHints":{"allow":["GET"]}}],"collection":[{"href":"https:\/\/www.arcavioleta.cl\/index.php?rest_route=\/wp\/v2\/pages"}],"about":[{"href":"https:\/\/www.arcavioleta.cl\/index.php?rest_route=\/wp\/v2\/types\/page"}],"author":[{"embeddable":true,"href":"https:\/\/www.arcavioleta.cl\/index.php?rest_route=\/wp\/v2\/users\/1"}],"replies":[{"embeddable":true,"href":"https:\/\/www.arcavioleta.cl\/index.php?rest_route=%2Fwp%2Fv2%2Fcomments&post=46"}],"version-history":[{"count":48,"href":"https:\/\/www.arcavioleta.cl\/index.php?rest_route=\/wp\/v2\/pages\/46\/revisions"}],"predecessor-version":[{"id":2409,"href":"https:\/\/www.arcavioleta.cl\/index.php?rest_route=\/wp\/v2\/pages\/46\/revisions\/2409"}],"wp:attachment":[{"href":"https:\/\/www.arcavioleta.cl\/index.php?rest_route=%2Fwp%2Fv2%2Fmedia&parent=46"}],"curies":[{"name":"wp","href":"https:\/\/api.w.org\/{rel}","templated":true}]}}