{"id":208,"date":"2015-03-19T11:53:44","date_gmt":"2015-03-19T14:53:44","guid":{"rendered":"http:\/\/www.complementatusalud.cl\/wp\/?page_id=208"},"modified":"2020-01-13T02:53:50","modified_gmt":"2020-01-13T05:53:50","slug":"conceptos-basicos-2","status":"publish","type":"page","link":"https:\/\/www.arcavioleta.cl\/?page_id=208","title":{"rendered":"Art\u00edculos Interesantes"},"content":{"rendered":"<div class=\"et_pb_section et_section_regular\">\n\t\t\t\n\t\t\t\n\t\t\t\t\n\t\t\t\t<div class=\"et_pb_row\">\n\t\t\t<div class=\"et_pb_column et_pb_column_1_2 et_pb_column_empty\">\n\t\t\t\n\t\t<\/div> <!-- .et_pb_column --><div class=\"et_pb_column et_pb_column_1_2 et_pb_column_empty\">\n\t\t\t\n\t\t<\/div> <!-- .et_pb_column -->\n\t\t<\/div> <!-- .et_pb_row --><div class=\"et_pb_row\">\n\t\t\t<div class=\"et_pb_column et_pb_column_4_4\">\n\t\t\t<div class=\"et_pb_blog_grid_wrapper\"><div class=\"et_pb_blog_grid clearfix et_pb_bg_layout_light\">\n\t\t\t\n\t\t<article id=\"post-2395\" class=\"et_pb_post post-2395 post type-post status-publish format-standard has-post-thumbnail hentry category-conceptos-basicos\">\n\n\t\t<div class=\"et_pb_image_container\">\t\t\t\t\t\t<a href=\"https:\/\/www.arcavioleta.cl\/?p=2395\">\n\t\t\t\t\t\t\t<img decoding=\"async\" src=\"https:\/\/www.arcavioleta.cl\/wp-content\/uploads\/2021\/12\/La-prosperidad-y-pap\u00e1-400x250.jpg\" alt='La prosperidad Y Pap\u00e1' width='400' height='250' \/>\t\t\t\t\t\t<\/a>\n\t\t\t\t<\/div> <!-- .et_pb_image_container -->\n\t\t\t\t\t\t\t\t\t<h2><a href=\"https:\/\/www.arcavioleta.cl\/?p=2395\">La prosperidad Y Pap\u00e1<\/a><\/h2>\n\t\t\t\n\t\t\t<p class=\"post-meta\">  Dic 16, 2021  <\/p>INTRODUCCION AL SEMINARIO DE ABUNDANCIA EMPODERADA Y REVOCACION DE LIMITANTES REVISA EL PROGRAMA Y FORMA DE PAGO PINCHANDO AQUI .... <a href=\"https:\/\/www.arcavioleta.cl\/?p=2395\" class=\"more-link\" >read more<\/a>\t\t\n\t\t<\/article> <!-- .et_pb_post -->\n\n\t\t<article id=\"post-1745\" class=\"et_pb_post post-1745 post type-post status-publish format-standard has-post-thumbnail hentry category-conceptos-basicos\">\n\n\t\t<div class=\"et_pb_image_container\">\t\t\t\t\t\t<a href=\"https:\/\/www.arcavioleta.cl\/?p=1745\">\n\t\t\t\t\t\t\t<img decoding=\"async\" src=\"https:\/\/www.arcavioleta.cl\/wp-content\/uploads\/2015\/03\/circulos-de-luz-2.jpg\" alt='Mi Madre me decreto pobreza' width='400' height='250' \/>\t\t\t\t\t\t<\/a>\n\t\t\t\t<\/div> <!-- .et_pb_image_container -->\n\t\t\t\t\t\t\t\t\t<h2><a href=\"https:\/\/www.arcavioleta.cl\/?p=1745\">Mi Madre me decreto pobreza<\/a><\/h2>\n\t\t\t\n\t\t\t<p class=\"post-meta\">  Oct 8, 2019  <\/p>MI MADRE ME DECRETO POBREZA Es muy dif\u00edcil entender como nuestra madre o padre nos pudo decretar pobreza, pero as\u00ed es. Cuando era peque\u00f1a todos decretaban lo que yo seria cuando grande, llenando sus propias expectativas, esto hizo que yo creciera con inseguridad e indecisiones. Junto con ello era enfermiza ya que viv\u00eda inconscientemente conflictos de ataques y conflictos de territorio, siempre me ve\u00edan desvalida y me dec\u00edan &#8220;Pobrecita&#8221; y la verdad es que siempre yo me repet\u00eda a mi misma &#8220;Pobre de mi&#8221;. Era verdad, me empobrec\u00eda el alma, me empobrec\u00eda la mente y el coraz\u00f3n. Ya cuando estaba en la ultima etapa de mi adolescencia y comenzando mi adultez, conoc\u00ed la referencia de que son los votos karmicos\u00a0 y me hizo mucho sentido. Me di cuenta como hemos permitido que nos decreten pobreza y sin saberlo estos mismos impiden que podamos avanzar y concretar. Muchas historias compartimos referente a como los votos karmicos influyen en nuestra vida y en los lazos de como nos relacionamos tanto con el dinero como con las personas, tomar consciencia sobre como actuan los decretos , votos, contratos\u00a0 y compromisos ayudan considerablemente Por lo mismo desde el a\u00f1o 2012 Alejandra Rozas, instructora del Diplomado revocacion de votos karmicos y Terapeuta emocional a impartido el Taller de revocacion de votos de pobreza y magnificacion de la abundancia con mas de 400 solicitantes que han vivido esta experiencia ya sea en el taller o en sesion formato terapia El valor de sesion particular es de $35.000 ya sea presencial u online, las fechas de los talleres los puedes encontrar en el inicio de la... <a href=\"https:\/\/www.arcavioleta.cl\/?p=1745\" class=\"more-link\" >read more<\/a>\t\t\n\t\t<\/article> <!-- .et_pb_post -->\n\n\t\t<article id=\"post-1312\" class=\"et_pb_post post-1312 post type-post status-publish format-standard has-post-thumbnail hentry category-conceptos-basicos tag-activacion-de-la-glandula-del-timo tag-glandula-del-timo tag-glandula-pineal tag-glandula-tiroides tag-sanacion\">\n\n\t\t<div class=\"et_pb_image_container\">\t\t\t\t\t\t<a href=\"https:\/\/www.arcavioleta.cl\/?p=1312\">\n\t\t\t\t\t\t\t<img decoding=\"async\" src=\"https:\/\/www.arcavioleta.cl\/wp-content\/uploads\/2018\/06\/Timo-martes-400x250.jpg\" alt='Relacion de las glandulas con el proceso de sanacion y espiritualidad' width='400' height='250' \/>\t\t\t\t\t\t<\/a>\n\t\t\t\t<\/div> <!-- .et_pb_image_container -->\n\t\t\t\t\t\t\t\t\t<h2><a href=\"https:\/\/www.arcavioleta.cl\/?p=1312\">Relacion de las glandulas con el proceso de sanacion y espiritualidad<\/a><\/h2>\n\t\t\t\n\t\t\t<p class=\"post-meta\">  Jun 19, 2018  <\/p>Nuestras glandulas conforman un gran sistema y cada una tiene una funcion fundamental, para algunos cient\u00edficos algunas gl\u00e1ndulas no tienen mayor importancia, para el rubro de las terapias complementarias despues de a\u00f1os de estudios todas son relevantes, aunque en la adultez algunas disminuyan en su capacidad. &#8211; Muchos se preguntan cual es la relacion entre las glandulas y el proceso de sanacion y mucho mas con la espiritualidad. &#8211; Nuestro cuerpo es un circuito y esta conformado por glandulas, organos y sistemas, tambien esta conformado por centros energeticos, nadis y cuerpos sutiles siendo nuestro cuerpo un gran motor de informacion. &#8211; Cuando reconectamos con una de nuestras glandulas fundamentales la reconexion es para todas las glandulas y para todo nuestro sistema tanto fisico como energetico, lo que varia es la informacion del metodo y el conocimiento especifico que proporcionan los facilitadores ya que este depende de su especialidad, por ello siempre es bueno que el solicitante pueda profundizar en el conocimiento de distintas tecnicas para avanzar en sus procesos. &#8211; Nuestra instructora Alejandra Rozas, es una de la primeras referente en Chile respecto\u00a0 reconexion de la glandula del timo, creando el metodo los 13 niveles de sanacion, un hermoso metodo que reconecta desde la glandula del timo y sistema nervioso con el proceso de sanacion en todos los niveles tanto a nivel fisico como energetico. &#8211; Puedes tomar la sesion particular que tiene un valor de $35.000 y es presencial , la reserva de hora es con transferencia realizada. ( stgo) &#8211; Si deseas aprender el metodo y aplicarlos en otros puedes estudiarlo con nosotros,\u00a0 el valor es del... <a href=\"https:\/\/www.arcavioleta.cl\/?p=1312\" class=\"more-link\" >read more<\/a>\t\t\n\t\t<\/article> <!-- .et_pb_post -->\n\n\t\t<article id=\"post-1185\" class=\"et_pb_post post-1185 post type-post status-publish format-standard has-post-thumbnail hentry category-conceptos-basicos\">\n\n\t\t<div class=\"et_pb_image_container\">\t\t\t\t\t\t<a href=\"https:\/\/www.arcavioleta.cl\/?p=1185\">\n\t\t\t\t\t\t\t<img decoding=\"async\" src=\"https:\/\/www.arcavioleta.cl\/wp-content\/uploads\/2015\/08\/Manos-400x250.jpg\" alt='Suprema sanacion Quantica' width='400' height='250' \/>\t\t\t\t\t\t<\/a>\n\t\t\t\t<\/div> <!-- .et_pb_image_container -->\n\t\t\t\t\t\t\t\t\t<h2><a href=\"https:\/\/www.arcavioleta.cl\/?p=1185\">Suprema sanacion Quantica<\/a><\/h2>\n\t\t\t\n\t\t\t<p class=\"post-meta\">  Mar 15, 2018  <\/p>La hermosa Suprema Sanaci\u00f3n Quantica\u00a0nos fue entregada \u00a0como apoyo para acelerar los procesos de sanaci\u00f3n, a trav\u00e9s de un proceso de canalizaci\u00f3n y modificaci\u00f3n de los antiguos protocolos de sanaci\u00f3n. Es Suprema ya que su invocaci\u00f3n deriva de la energ\u00eda mas alta del universo, es Sanadora ya que trabaja al libre albedr\u00edo del solicitante, es quantica ya que trabaja llegando a cada c\u00e9lula liberando las memorias en todos sus tiempos, incluyendo sanaci\u00f3n del cuerpo f\u00edsico-mental, cuerpos superiores, vidas pasadas, \u00e1rbol geneal\u00f3gico y en cada etapa de vida del solicitante. Esta sanacion fue canalizada en Chile en el a\u00f1o 2014 y a la fecha ya han egresado 8 generaciones, siendo esta expandida por todo el mundo. Esta sanacion es parte de la Terapia impartida por su creadora y canalizadora Alejandra Rozas, el valor de la sesion terapeutica es de $35.000 y puedes solicitar tu hora\u00a0 al correo arcavioleta@gmail.com solicitantando los datos de cuenta para reservar. Si deseas aprender esta maravillosa tecnica es necesario que hayas cursado el Diplomado en revocacion karmica y liberacion emocional, consultas al correo... <a href=\"https:\/\/www.arcavioleta.cl\/?p=1185\" class=\"more-link\" >read more<\/a>\t\t\n\t\t<\/article> <!-- .et_pb_post -->\n\n\t\t<article id=\"post-1114\" class=\"et_pb_post post-1114 post type-post status-publish format-standard has-post-thumbnail hentry category-conceptos-basicos category-cursos\">\n\n\t\t<div class=\"et_pb_image_container\">\t\t\t\t\t\t<a href=\"https:\/\/www.arcavioleta.cl\/?p=1114\">\n\t\t\t\t\t\t\t<img decoding=\"async\" src=\"https:\/\/www.arcavioleta.cl\/wp-content\/uploads\/2017\/11\/timo-400x250.jpg\" alt='Glandula del Timo: conector del sistema inmune' width='400' height='250' \/>\t\t\t\t\t\t<\/a>\n\t\t\t\t<\/div> <!-- .et_pb_image_container -->\n\t\t\t\t\t\t\t\t\t<h2><a href=\"https:\/\/www.arcavioleta.cl\/?p=1114\">Glandula del Timo: conector del sistema inmune<\/a><\/h2>\n\t\t\t\n\t\t\t<p class=\"post-meta\">  Nov 3, 2017  <\/p>La\u00a0gl\u00e1ndula timo\u00a0es el \u00f3rgano principal del sistema linf\u00e1tico. Situado en la regi\u00f3n superior del pecho, la funci\u00f3n principal de esta gl\u00e1ndula es promover el desarrollo de las c\u00e9lulas espec\u00edficas del sistema inmune llamadas Linfocitos T. Los linfocitos T o c\u00e9lulas T son gl\u00f3bulos blancos que protegen contra organismos extra\u00f1os (bacterias y virus) que han logrado infectar el cuerpo c\u00e9lulas. Adem\u00e1s, protegen el cuerpo contra s\u00ed mismo mediante el control de las c\u00e9lulas cancerosas. Desde la infancia hasta la adolescencia, el timo es relativamente grande en tama\u00f1o. Despu\u00e9s de la pubertad, el timo comienza a disminuir en tama\u00f1o y sigue disminuyendo con la edad. Anatomia: El timo es una estructura de dos l\u00f3bulos que se coloca en la cavidad superior del pecho. Es parcialmente se extiende dentro de la regi\u00f3n del cuello. El timo est\u00e1 situado por encima del pericardio del coraz\u00f3n , en frente de la aorta , entre los pulmones , por debajo de la tiroides, y detr\u00e1s del estern\u00f3n. El timo tiene una cubierta exterior delgada llamada una c\u00e1psula y consta de tres tipos de c\u00e9lulas. Los tipos de c\u00e9lulas t\u00edmicas incluyen c\u00e9lulas epiteliales, linfocitos, y c\u00e9lulas de Kulchitsky, o c\u00e9lulas neuroendocrinas Funci\u00f3n\u00a0del Timo Las funciones del timo principalmente para desarrollar linfocitos T. Una vez madura, estas c\u00e9lulas dejan el timo y se transportan a trav\u00e9s de los vasos sangu\u00edneos a los\u00a0ganglios linf\u00e1ticos\u00a0y el\u00a0bazo. Los linfocitos T son responsables de la inmunidad mediada por c\u00e9lulas, que es una respuesta inmune que involucra la activaci\u00f3n de ciertas c\u00e9lulas inmunes para combatir la infecci\u00f3n. T-c\u00e9lulas contienen prote\u00ednas llamadas receptores de c\u00e9lulas T que pueblan la c\u00e9lula T de la... <a href=\"https:\/\/www.arcavioleta.cl\/?p=1114\" class=\"more-link\" >read more<\/a>\t\t\n\t\t<\/article> <!-- .et_pb_post -->\n\n\t\t<article id=\"post-1077\" class=\"et_pb_post post-1077 post type-post status-publish format-standard has-post-thumbnail hentry category-conceptos-basicos category-cursos\">\n\n\t\t<div class=\"et_pb_image_container\">\t\t\t\t\t\t<a href=\"https:\/\/www.arcavioleta.cl\/?p=1077\">\n\t\t\t\t\t\t\t<img decoding=\"async\" src=\"https:\/\/www.arcavioleta.cl\/wp-content\/uploads\/2017\/10\/vampiros-400x250.jpg\" alt='Vampiros energ\u00e9ticos y las falsas creencias' width='400' height='250' \/>\t\t\t\t\t\t<\/a>\n\t\t\t\t<\/div> <!-- .et_pb_image_container -->\n\t\t\t\t\t\t\t\t\t<h2><a href=\"https:\/\/www.arcavioleta.cl\/?p=1077\">Vampiros energ\u00e9ticos y las falsas creencias<\/a><\/h2>\n\t\t\t\n\t\t\t<p class=\"post-meta\">  Oct 15, 2017  <\/p>Se llaman vampiros energ\u00e9ticos a las personas que chupan y absorben energ\u00eda de otros, algunas personas lo hacen inconsciente y otras consciente-mente. \u00bf como puedo saber si alguien es vampiro energ\u00e9tico? Primero aclarar que una persona no se ve como un vampiro, es una condici\u00f3n energ\u00e9tica y podemos darnos cuenta con los\u00a0 siguientes tip 1- Las personas tienen ganancias secundarias, siempre ganan a trav\u00e9s de esta relaci\u00f3n, ya sea pol\u00edtica, religiosa, amistosa, familiar , espiritual y hasta amorosa. 2- Buscan placer, satisfacci\u00f3n, reconocimiento, amor condicional,\u00a0 sostencion y apego excesivo 3- Constantemente te hacen sentir culpables y responsables de como se sienten. 4- Cuando estas cerca de una\u00a0 persona que absorbe energ\u00eda\u00a0 te sientes deca\u00eddo, d\u00e9bil, cansado sin energ\u00eda. \u00bf Osea cualquiera puede ser un vampiro? Efectivamente ya que es una condici\u00f3n energ\u00e9tica, que se manifiesta en cualquier persona que esta en vibraci\u00f3n baja, y que aplican cualquier tipo de poder sobre nosotros. \u00bfPor que yo puedo atraer a una persona con esta condici\u00f3n? Por que queramos o no, nosotros estamos en la misma vibraci\u00f3n, si estoy en armon\u00eda, atraer\u00e9 personas o circunstancias en armon\u00eda, si estoy en vibraci\u00f3n baja, atraer\u00e9 personas y circunstancias en esa vibraci\u00f3n. \u00bf Como me puedo proteger? Antes de pensar en una protecci\u00f3n la cual es muy necesaria, lo que recomiendo es cambiar la forma de relacionarnos, teniendo claro cuales son mis limites, si alguien depende excesivamente de mi o ejerce poder, preguntarnos por que? que gana con esta relaci\u00f3n y tambi\u00e9n preguntarnos,\u00a0 que es lo que yo estoy ganando, ya que lo permito. No olvidemos que todo lo que el otro me muestra es... <a href=\"https:\/\/www.arcavioleta.cl\/?p=1077\" class=\"more-link\" >read more<\/a>\t\t\n\t\t<\/article> <!-- .et_pb_post -->\n\n\t\t<article id=\"post-522\" class=\"et_pb_post post-522 post type-post status-publish format-standard has-post-thumbnail hentry category-conceptos-basicos category-cursos\">\n\n\t\t<div class=\"et_pb_image_container\">\t\t\t\t\t\t<a href=\"https:\/\/www.arcavioleta.cl\/?p=522\">\n\t\t\t\t\t\t\t<img decoding=\"async\" src=\"https:\/\/www.arcavioleta.cl\/wp-content\/uploads\/2017\/01\/animales-de-poder-400x250.jpg\" alt='Animales de poder, gu\u00eda y proteccion' width='400' height='250' \/>\t\t\t\t\t\t<\/a>\n\t\t\t\t<\/div> <!-- .et_pb_image_container -->\n\t\t\t\t\t\t\t\t\t<h2><a href=\"https:\/\/www.arcavioleta.cl\/?p=522\">Animales de poder, gu\u00eda y proteccion<\/a><\/h2>\n\t\t\t\n\t\t\t<p class=\"post-meta\">  Oct 10, 2017  <\/p>En muchas culturas de nuestro planeta existe el concepto del t\u00f3tem animal ( Animales de poder). Forma parte de lo m\u00e1s antiguo de nuestros ancestros. Ustedes se preguntaran en que me puede ayudar un animal de poder, \u00bf que son? y \u00bf para que sirven? Seg\u00fan la linea quantica, los animales de poder son seres de luz, que han esperado millones de a\u00f1os para que tus los reconozcas, trabajan al servicio de la humanidad al igual que los \u00e1ngeles y maestros ascendidos. \u00a0Cada uno tienen sus caracter\u00edsticas y se mueven en el mundo eterico en conexi\u00f3n con nuestro plano terrenal. Tienen categor\u00edas como los alados que corresponde a los animales de poder de aire, los de agua, los de tierra y los de fuegos. \u00a0Estos nos ayudan en nuestro proceso de sanaci\u00f3n mental y emocional, nos ayudan en el restablecimiento de nuestros centros energeticos, en la protecci\u00f3n y limpieza de nuestra aura como de nuestros espacios. Si quieres saber mas sobre los animales de poder y como invocarlos y evocarlos te invitamos a participar del Taller\u00a0 Sanando a trav\u00e9s de mi animal de poder\u00a0o al curso de canalizaci\u00f3n y sanaci\u00f3n\u00a0 a trav\u00e9s de los seres de luz\u00a0de\u00a0Complementa tu salud. Alejandra Rozas Rojas Instructor Internacional Suprema sanaci\u00f3n quantica www.complementatusalud.cl Si deseas comunicarte puedes escribirle al mail alejandra@complementatusalud.cl Si te pareci\u00f3 interesante este articulo, comp\u00e1rtelo recordando indicar al autor. Pr\u00f3ximos Encuentros &lt;3 Charla y meditaci\u00f3n gratuita sobre Suprema sanaci\u00f3n quantica &lt;3 Taller para la abundancia y revocaci\u00f3n de votos de pobreza &lt;3 Diplomado Suprema Sanaci\u00f3n... <a href=\"https:\/\/www.arcavioleta.cl\/?p=522\" class=\"more-link\" >read more<\/a>\t\t\n\t\t<\/article> <!-- .et_pb_post -->\n\n\t\t<article id=\"post-540\" class=\"et_pb_post post-540 post type-post status-publish format-standard has-post-thumbnail hentry category-conceptos-basicos\">\n\n\t\t<div class=\"et_pb_image_container\">\t\t\t\t\t\t<a href=\"https:\/\/www.arcavioleta.cl\/?p=540\">\n\t\t\t\t\t\t\t<img decoding=\"async\" src=\"https:\/\/www.arcavioleta.cl\/wp-content\/uploads\/2017\/01\/IMG_20161109_200038271-400x250.jpg\" alt='Votos y decretos Karmicos' width='400' height='250' \/>\t\t\t\t\t\t<\/a>\n\t\t\t\t<\/div> <!-- .et_pb_image_container -->\n\t\t\t\t\t\t\t\t\t<h2><a href=\"https:\/\/www.arcavioleta.cl\/?p=540\">Votos y decretos Karmicos<\/a><\/h2>\n\t\t\t\n\t\t\t<p class=\"post-meta\">  Ene 28, 2017  <\/p>Los votos y decretos Karmicos: Son decretos y contratos de obediencia que hicimos en vidas pasadas. Sobre todo cuando entramos a formar parte de \u00f3rdenes religiosas o inici\u00e1ticas o cuando, debido a experiencias traum\u00e1ticas que vivimos, nos juramos \u201cNunca volver\u00e9 a\u2026\u201d o \u201cDe ahora en adelante y por toda la eternidad\u2026\u201d y cosas por el estilo. Tambi\u00e9n son los decretos que se manifiestan en esta vida por ejemplo el decretar &#8221; estar juntos por toda la eternidad&#8221; es un decreto importante a revocar y liberar \u00a0cuando ya no queremos estar con esa persona. El uso del poder de la palabra es fundamental para el proceso de auto-sanaci\u00f3n. \u00bfPor qu\u00e9 conviene revocarlos? Porque algunos de ellos siguen actuando hasta el tiempo presente y nos obstaculizan la vida actual o nos impiden gozar de aquello a lo que prometimos renunciar. Por ejemplo, no te permites tener dinero si te tomaste muy en serio tus votos de pobreza en otra encarnaci\u00f3n; o no acabas de disfrutar del sexo sin culpa con tu pareja por tus antiguos votos de castidad y celibato, etc. Actualizate sobre nuestras actividades, una vez al mes trabajamos distintas tem\u00e1ticas, en encuentros grupales. Consultas al correo contacto@complementatusalud.cl Mas informaci\u00f3n sobre la actividad de este mes pinchando... <a href=\"https:\/\/www.arcavioleta.cl\/?p=540\" class=\"more-link\" >read more<\/a>\t\t\n\t\t<\/article> <!-- .et_pb_post -->\n\n\t\t<article id=\"post-551\" class=\"et_pb_post et_pb_no_thumb post-551 post type-post status-publish format-standard hentry category-conceptos-basicos\">\n\n\t\t\n\t\t\t\t\t\t\t\t\t<h2><a href=\"https:\/\/www.arcavioleta.cl\/?p=551\">Tormentas Solares<\/a><\/h2>\n\t\t\t\n\t\t\t<p class=\"post-meta\">  Oct 28, 2015  <\/p>Que son las tormentas solares y por que nos afectan? Las tormentas solares, tambi\u00e9n llamadas tormentas geomagn\u00e9ticas son una perturbaci\u00f3n temporal de la magnetosfera terrestre. Consiste en violentas explosiones de plasma y de part\u00edculas cargadas, que se expanden por todo el sistema solar \u00bfComo nos afectan? Una explosi\u00f3n solar equivale a miles de bombas at\u00f3micas esta llega a la tierra entre 48 y 72 horas despu\u00e9s de la explosi\u00f3n y su bomba expansiva puede provocar la sobre carga de nuestros de sistemas electr\u00f3nicos, solo hay que percatarse como disminuye la potencia de internet, wifi, conexiones telef\u00f3nicas, celulares etc, los d\u00edas en que estas ocurren. Si estas oleadas afectan los sistemas electr\u00f3nicos, imag\u00ednate el efecto que estas tienen sobre nuestro cuerpo f\u00edsico. Nuestro planeta tiene un campo electromagn\u00e9tico y energ\u00e9tico que nos protege, aun as\u00ed esta energ\u00eda es tan fuerte , que se siente tanto a nivel f\u00edsico como emocional, alteraci\u00f3n del sue\u00f1o, alteraci\u00f3n del \u00e1nimo, cansancio, dolores de cabeza etc. Recomendaciones: escucha tu cuerpo, si tienes sue\u00f1o duerme, si tienes sed, toma mucha agua, si este proceso te muestra asuntos pendientes, hazte cargo y libera, aumenta tu energ\u00eda y... <a href=\"https:\/\/www.arcavioleta.cl\/?p=551\" class=\"more-link\" >read more<\/a>\t\t\n\t\t<\/article> <!-- .et_pb_post -->\n\n\t\t<article id=\"post-548\" class=\"et_pb_post et_pb_no_thumb post-548 post type-post status-publish format-standard hentry category-conceptos-basicos tag-chacras tag-sanacion tag-sanacion-lluvia-circulos-de-luz\">\n\n\t\t\n\t\t\t\t\t\t\t\t\t<h2><a href=\"https:\/\/www.arcavioleta.cl\/?p=548\">Que son los chacras?<\/a><\/h2>\n\t\t\t\n\t\t\t<p class=\"post-meta\">  Oct 28, 2015  <\/p>Que son los chacras? Los Chacras son nuestros centros energ\u00e9ticos. As\u00ed como tenemos sentidos f\u00edsicos, as\u00ed tambi\u00e9n tenemos ciertos sentidos internos, Y as\u00ed como requerimos de sentidos f\u00edsicos para ver la parte f\u00edsica, as\u00ed requerimos de estos sentidos internos para poder ver, palpar, etc., la parte astral o las distintas dimensiones superiores\u00a0 y el estudio de estos no es nada nuevo.. Incluso en la misma Biblia se hace menci\u00f3n a los chacras, Representando a los chacras con las 7 iglesias cristianas primitivas, El maestro Samael nos dice en sus libros que en nuestro cuerpo f\u00edsico hay un total de 7 gl\u00e1ndulas fundamentales, radicales para que nuestro cuerpo f\u00edsico viva, son infinitamente peque\u00f1as y act\u00faan como verdaderos laboratorios, estas captan los gl\u00f3bulos revitalizantes o el prana, lo procesan y lo transforman en hormonas, de tal manera que puedan entrar al torrente sangu\u00edneo.. Revitaliz\u00e1ndonos y renov\u00e1ndonos de esta manera, y exactamente en el mismo lugar donde se encuentra la gl\u00e1ndula endocrina f\u00edsica, pero en la parte astral se encuentran los chacras, que vienen siendo algo as\u00ed como ciertos botes energ\u00e9ticos, acumuladores de energ\u00eda o prana que nosotros recibimos a trav\u00e9s del sol, Botes energ\u00e9ticos que vienen siendo como un gran acumulador y en base a estar acumulando mas y mas prana, cuando hay un excedente de energ\u00eda esta se expresa en forma de luz, expres\u00e1ndose as\u00ed las facultades de la persona.. Nuestro cuerpo f\u00edsico se atrofia cuando no puede captar suficientes gl\u00f3bulos de vitalidad o prana, y esto disminuye la capacidad hormonal en nuestro cuerpo f\u00edsico sea que nuestras gl\u00e1ndulas se empiezan a atrofiar cuando no captamos prana, da\u00f1\u00e1ndose poco a... <a href=\"https:\/\/www.arcavioleta.cl\/?p=548\" class=\"more-link\" >read more<\/a>\t\t\n\t\t<\/article> <!-- .et_pb_post -->\n<\/div> <!-- .et_pb_posts --><div class=\"pagination clearfix\">\n\t<div class=\"alignleft\"><a href=\"https:\/\/www.arcavioleta.cl\/index.php?rest_route=%2Fwp%2Fv2%2Fpages%2F208&#038;paged=2\" >&laquo; Older Entries<\/a><\/div>\n\t<div class=\"alignright\"><\/div>\n<\/div>\n\t\t<\/div>\n\t\t<\/div> <!-- .et_pb_column -->\n\t\t<\/div> <!-- .et_pb_row -->\n\t\t\t\n\t\t<\/div> <!-- .et_pb_section -->\n","protected":false},"excerpt":{"rendered":"","protected":false},"author":1,"featured_media":0,"parent":0,"menu_order":0,"comment_status":"closed","ping_status":"open","template":"","meta":{"footnotes":""},"class_list":["post-208","page","type-page","status-publish","hentry"],"_links":{"self":[{"href":"https:\/\/www.arcavioleta.cl\/index.php?rest_route=\/wp\/v2\/pages\/208","targetHints":{"allow":["GET"]}}],"collection":[{"href":"https:\/\/www.arcavioleta.cl\/index.php?rest_route=\/wp\/v2\/pages"}],"about":[{"href":"https:\/\/www.arcavioleta.cl\/index.php?rest_route=\/wp\/v2\/types\/page"}],"author":[{"embeddable":true,"href":"https:\/\/www.arcavioleta.cl\/index.php?rest_route=\/wp\/v2\/users\/1"}],"replies":[{"embeddable":true,"href":"https:\/\/www.arcavioleta.cl\/index.php?rest_route=%2Fwp%2Fv2%2Fcomments&post=208"}],"version-history":[{"count":31,"href":"https:\/\/www.arcavioleta.cl\/index.php?rest_route=\/wp\/v2\/pages\/208\/revisions"}],"predecessor-version":[{"id":1818,"href":"https:\/\/www.arcavioleta.cl\/index.php?rest_route=\/wp\/v2\/pages\/208\/revisions\/1818"}],"wp:attachment":[{"href":"https:\/\/www.arcavioleta.cl\/index.php?rest_route=%2Fwp%2Fv2%2Fmedia&parent=208"}],"curies":[{"name":"wp","href":"https:\/\/api.w.org\/{rel}","templated":true}]}}