{"id":101,"date":"2015-03-17T09:09:41","date_gmt":"2015-03-17T12:09:41","guid":{"rendered":"http:\/\/www.complementatusalud.cl\/wp\/?page_id=101"},"modified":"2020-02-14T19:30:40","modified_gmt":"2020-02-14T22:30:40","slug":"home","status":"publish","type":"page","link":"https:\/\/www.arcavioleta.cl\/","title":{"rendered":"HOME"},"content":{"rendered":"<p><div class=\"et_pb_section et_pb_fullwidth_section et_section_regular\">\n\t\t\t\n\t\t\t\n\t\t\t\t\n\t\t\t\t<div class=\"et_pb_slider\">\n\t\t\t<div class=\"et_pb_slides\">\n\t\t\t\t<div class=\"et_pb_slide et_pb_bg_layout_dark et_pb_media_alignment_center\" style='background-color:#ffffff;background-image:url(http:\/\/www.arcavioleta.cl\/wp-content\/uploads\/2020\/01\/testt.jpg);'>\n\t\t\t\n\t\t\t<div class=\"et_pb_container clearfix\">\n\t\t\t\t\n\t\t\t\t<div class=\"et_pb_slide_description\">\n\t\t\t\t\t\n\t\t\t\t\t<div class=\"et_pb_slide_content\"><\/div>\n\t\t\t\t\t\n\t\t\t\t<\/div> <!-- .et_pb_slide_description -->\n\t\t\t<\/div> <!-- .et_pb_container -->\n\t\t\t\n\t\t<\/div> <!-- .et_pb_slide -->\n\t\t<div class=\"et_pb_slide et_pb_bg_layout_dark et_pb_media_alignment_center\" style='background-color:#ffffff;background-image:url(http:\/\/www.arcavioleta.cl\/wp-content\/uploads\/2015\/03\/1.jpg);'>\n\t\t\t\n\t\t\t<div class=\"et_pb_container clearfix\">\n\t\t\t\t\n\t\t\t\t<div class=\"et_pb_slide_description\">\n\t\t\t\t\t\n\t\t\t\t\t<div class=\"et_pb_slide_content\"><\/div>\n\t\t\t\t\t\n\t\t\t\t<\/div> <!-- .et_pb_slide_description -->\n\t\t\t<\/div> <!-- .et_pb_container -->\n\t\t\t\n\t\t<\/div> <!-- .et_pb_slide -->\n\t\t<div class=\"et_pb_slide et_pb_bg_layout_dark et_pb_media_alignment_center\" style='background-color:#ffffff;background-image:url(http:\/\/www.arcavioleta.cl\/wp-content\/uploads\/2015\/03\/2.jpg);'>\n\t\t\t\n\t\t\t<div class=\"et_pb_container clearfix\">\n\t\t\t\t\n\t\t\t\t<div class=\"et_pb_slide_description\">\n\t\t\t\t\t\n\t\t\t\t\t<div class=\"et_pb_slide_content\"><\/div>\n\t\t\t\t\t\n\t\t\t\t<\/div> <!-- .et_pb_slide_description -->\n\t\t\t<\/div> <!-- .et_pb_container -->\n\t\t\t\n\t\t<\/div> <!-- .et_pb_slide -->\n\t\t<div class=\"et_pb_slide et_pb_bg_layout_dark et_pb_media_alignment_center\" style='background-color:#ffffff;background-image:url(http:\/\/www.arcavioleta.cl\/wp-content\/uploads\/2015\/03\/3.jpg);'>\n\t\t\t\n\t\t\t<div class=\"et_pb_container clearfix\">\n\t\t\t\t\n\t\t\t\t<div class=\"et_pb_slide_description\">\n\t\t\t\t\t\n\t\t\t\t\t<div class=\"et_pb_slide_content\"><\/div>\n\t\t\t\t\t\n\t\t\t\t<\/div> <!-- .et_pb_slide_description -->\n\t\t\t<\/div> <!-- .et_pb_container -->\n\t\t\t\n\t\t<\/div> <!-- .et_pb_slide -->\n\t\t\n\t\t\t<\/div> <!-- .et_pb_slides -->\n\t\t<\/div> <!-- .et_pb_slider -->\n\t\t\n\t\t\t\n\t\t<\/div> <!-- .et_pb_section --><div class=\"et_pb_section et_section_regular\" style='background-color:#e0e0e0;'>\n\t\t\t\n\t\t\t\n\t\t\t\t\n\t\t\t\t<div class=\"et_pb_row\">\n\t\t\t<div class=\"et_pb_column et_pb_column_4_4\">\n\t\t\t<div class=\"et_pb_text et_pb_bg_layout_light et_pb_text_align_center\">\n\t\t\t\n<h2>Pr\u00f3ximos Eventos<\/h2>\n\n\t\t<\/div> <!-- .et_pb_text --><div class=\"et_pb_blog_grid_wrapper\"><div class=\"et_pb_blog_grid clearfix et_pb_bg_layout_light\">\n\t\t\t\n\t\t<article id=\"post-2760\" class=\"et_pb_post et_pb_no_thumb post-2760 post type-post status-publish format-standard hentry category-cursos\">\n\n\t\t\n\t\t\t\t\t\t\t\t\t<h2><a href=\"https:\/\/www.arcavioleta.cl\/?p=2760\">Entrada programada<\/a><\/h2>\n\t\t\t\n\t\t\t <a href=\"https:\/\/www.arcavioleta.cl\/?p=2760\" class=\"more-link\" >read more<\/a>\t\t\n\t\t<\/article> <!-- .et_pb_post -->\n\n\t\t<article id=\"post-2754\" class=\"et_pb_post et_pb_no_thumb post-2754 post type-post status-publish format-standard hentry category-cursos\">\n\n\t\t\n\t\t\t\t\t\t\t\t\t<h2><a href=\"https:\/\/www.arcavioleta.cl\/?p=2754\">Entrada Publica<\/a><\/h2>\n\t\t\t\n\t\t\thola <a href=\"https:\/\/www.arcavioleta.cl\/?p=2754\" class=\"more-link\" >read more<\/a>\t\t\n\t\t<\/article> <!-- .et_pb_post -->\n\n\t\t<article id=\"post-2719\" class=\"et_pb_post et_pb_no_thumb post-2719 post type-post status-publish format-standard hentry category-cursos\">\n\n\t\t\n\t\t\t\t\t\t\t\t\t<h2><a href=\"https:\/\/www.arcavioleta.cl\/?p=2719\">AUDIO: ACTIVACION ABUNDANCIA Y METAS FINANCIERAS 2025.<\/a><\/h2>\n\t\t\t\n\t\t\tAccede a clarificar, manifestar y empezar a materializar tus metas en 3 niveles. &#8211; Las metas Financieras son importantes para lograr tu libertad economica, ya que te permite estar en el lugar que deseas, te permite tener seguridad y darle seguridad a tu familia, te permite acceder a salud,\u00a0 perfeccionamientos, gozos y materializacion . Si no estamos en armonia con nosotros mismos, con nuestra abundancia, con nuestros sue\u00f1os y metas no seremos capaces de recibir dinero, de pagar deudas y tener la a\u00f1orada libertad de accion. AUDIO DE MEDITACI\u00d3N PARA ACTIVAR TU ABUNDANCIA Y METAS FINANCIERAS &#8211; El Audio de meditaci\u00f3n para activar tu abundancia y metas financieras&nbsp;te ayudara a liberar bloqueos, energia disonantes, memorias de carencias y para activar tu abundancia y metas financieras en todos los niveles de consciencia. Incluye PDF con la instroduccion de lo que son las metas financieras y tips para trabajarlas. &#8211; VALOR: $8.888 PESOS CHILENOS &#8211; 15 DOLARES POR PAYPAL &#8211; Este audio lo puedes solicitar para ti o para regalarlo en Gift card digital, es necesario tener correo Gmail, ya que quedara anclado en tus documentos o en los documentos de tu festejado para que no se pierda. Fecha de lanzamiento y envi\u00f3 del material desde el : Miercoles 11 de diciembre 2025, una vez que realices el pago, el material ser\u00e1 enviado durante los primeros 3 dias habiles. &#8211; PROMOCION 3 AUDIOS DE ACTIVACI\u00d3N $16.888\/ 23 DOLARES &#8211; &#8211; Primer audio Meditaci\u00f3n y Activaci\u00f3n de la abundancia y metas personales Segundo audio Meditaci\u00f3n y Activacion de la abundancia y metas laborales Tercer audio Meditacion y Activacion de la abundancia y... <a href=\"https:\/\/www.arcavioleta.cl\/?p=2719\" class=\"more-link\" >read more<\/a>\t\t\n\t\t<\/article> <!-- .et_pb_post -->\n\n\t\t<article id=\"post-2709\" class=\"et_pb_post et_pb_no_thumb post-2709 post type-post status-publish format-standard hentry category-cursos tag-277 tag-abundancia tag-abundancia-888 tag-activacion-abundancia tag-activacion-de-la-abundancia tag-alejandra-rozas-rojas tag-ano-nuevo tag-ano-nuevo-2025 tag-arcaabundancia tag-arcavioleta tag-codigos-sagrados tag-manifestacion tag-manifestation tag-metas-2025 tag-metas-claras tag-metas-financieras tag-metas-laborales tag-regalos-personalizados\">\n\n\t\t\n\t\t\t\t\t\t\t\t\t<h2><a href=\"https:\/\/www.arcavioleta.cl\/?p=2709\">AUDIO: ACTIVACION ABUNDANCIA Y METAS LABORALES 2025.<\/a><\/h2>\n\t\t\t\n\t\t\tAccede a clarificar, manifestar y empezar a materializar tus metas en 3 niveles. &#8211; Las metas laborales son importantes para nuestro desarrollo personal, de perfeccionamiento, para lograr un mejor cargo laboral, para pasar tiempo de calidad con tu familia, para viajar, para encontrar trabajo o simplemente para el reconocimiento. Estas metas te ayudan a lograr tu libertad financiera, ya que si no estamos en armonia con nosotros mismos y con nuestro entorno, nuestras metas personales y financieras se van a bloquear, por que t\u00fa no estas siendo tu prioridad y te estas postergando. &#8211; AUDIO DE MEDITACION PARA ACTIVAR TU ABUNDANCIA Y METAS LABORALES &#8211; El Audio de meditaci\u00f3n para activar tu abundancia y metas laborales te ayudara a liberar bloqueos , energia de postergaci\u00f3n y miedos que te impide avanzar y para activar tu abundancia y metas laborales en todos los niveles de consciencia. Incluye PDF con la instroduccion de lo que son las metas personales y tips para trabajarlas. &#8211; VALOR AUDIO: $8.888 PESOS CHILENOS &#8211; 15 DOLARES POR PAYPAL &#8211; Este audio lo puedes solicitar para ti o para regalarlo en Gift card digital, es necesario tener correo Gmail, ya que quedara anclado en tus documentos o en los documentos de tu festejado para que no se pierda. Fecha de lanzamiento y envi\u00f3 del material desde el : Miercoles 11 de diciembre 2025, una vez que realices el pago, el material ser\u00e1 enviado durante los primeros 3 dias habiles. &#8211; PROMOCION 3 AUDIOS DE ACTIVACI\u00d3N $16.888 CL\/ 23 DOLARES &#8211; &#8211; Primer audio Meditaci\u00f3n y Activaci\u00f3n de la abundancia y metas personales Segundo audio Meditaci\u00f3n y... <a href=\"https:\/\/www.arcavioleta.cl\/?p=2709\" class=\"more-link\" >read more<\/a>\t\t\n\t\t<\/article> <!-- .et_pb_post -->\n\n\t\t<article id=\"post-2672\" class=\"et_pb_post et_pb_no_thumb post-2672 post type-post status-publish format-standard hentry category-cursos tag-abundance tag-abundancia tag-activacion-de-la-abundancia tag-alta-frecuencia tag-ano-nuevo tag-ano-nuevo-2025 tag-arcaabundancia tag-arcavioleta tag-audio-abundancia tag-ley-de-atraccion tag-manifestacion tag-manifestation tag-meditacion-2 tag-meditacion-abundancia tag-metas tag-metas-2025 tag-metas-claras tag-metas-financieras tag-metas-laborales tag-metas-personales tag-proposito tag-suenos tag-terapias tag-terapias-complementarias tag-viajes\">\n\n\t\t\n\t\t\t\t\t\t\t\t\t<h2><a href=\"https:\/\/www.arcavioleta.cl\/?p=2672\">AUDIO: ACTIVACION ABUNDANCIA Y METAS PERSONALES 2025.<\/a><\/h2>\n\t\t\t\n\t\t\tAccede a clarificar, manifestar y empezar a materializar tus metas en 3 niveles. Las metas personales son importantes para lograr tu libertad financiera, ya que son la base de tu bienestar, desarrollo personal, salud, crecimiento, relaciones personales y vida familiar. Si no estamos en armonia con nosotros mismos y con nuestro entorno nuestras metas laborales y financieras se van a bloquear ya que t\u00fa no estas siendo tu prioridad y te estas postergando por otros. &#8211; AUDIO DE MEDITACION PARA ACTIVAR TU ABUNDANCIA Y METAS PERSONALES &#8211; El Audio de meditaci\u00f3n para activar tu abundancia y metas personales\u00a0te ayudara a liberar bloqueos, energia disonantes y memorias de postergaci\u00f3n y para activar tu abundancia y metas personales en todos los niveles de consciencia. Incluye PDF con la introduccion de lo que son las metas personales y tips para trabajarlas. &#8211; Valor: $8.888 PESOS CHILENOS. &#8211; 15 DOLARES POR PAYPAL &#8211; Este audio lo puedes solicitar para ti o para regalarlo en Gift card digital, es necesario tener correo Gmail, ya que quedara anclado en tus documentos o en los documentos de tu festejado para que no se pierda. Fecha de lanzamiento y envi\u00f3 del material desde el : Miercoles 11 de diciembre 2025, una vez que realices el pago, el material ser\u00e1 enviado durante los primeros 3 dias habiles. PROMOCION 3 AUDIOS DE ACTIVACI\u00d3N $16.888 \/ 23 DOLARES &#8211; Primer audio Meditaci\u00f3n y Activaci\u00f3n de la abundancia y metas personales Segundo audio Meditaci\u00f3n y Activacion de la abundancia y metas laborales Tercer audio Meditacion y Activacion de la abundancia y metas econ\u00f3micas &#8211; Consideraciones: Recuerda que los valores promocionales son... <a href=\"https:\/\/www.arcavioleta.cl\/?p=2672\" class=\"more-link\" >read more<\/a>\t\t\n\t\t<\/article> <!-- .et_pb_post -->\n\n\t\t<article id=\"post-2633\" class=\"et_pb_post et_pb_no_thumb post-2633 post type-post status-publish format-standard hentry category-cursos tag-abundandancia tag-alejandra-rozas-rojas tag-arbol-genealogico tag-ley-de-atraccion tag-meditacion-2 tag-meditacion-abundancia tag-reiki tag-vidas-pasadas\">\n\n\t\t\n\t\t\t\t\t\t\t\t\t<h2><a href=\"https:\/\/www.arcavioleta.cl\/?p=2633\">Programa: Circulo de Activaci\u00f3n de las Riquezas y abundancia de tus vidas pasadas, arbol geneologico y presente.<\/a><\/h2>\n\t\t\t\n\t\t\tEl\u00a0\u00a0programa incluye\u00a0 acceso a 3 meditaci\u00f3nes de activacion de la abundancia y un video de introducci\u00f3n\u00a0a los conceptos. El video de introduccion estar\u00e1 disponible para ti durante 15 dias, este video te ayudar\u00e1 a entender como se manifiesta la abundancia en estos 3 niveles de conciencia para aplicar de mejor manera la meditaci\u00f3n de activaci\u00f3n a traves de los audios. &#8211; Entrega de material: El material ser\u00e1 enviado durante los primeros 3 dias habiles desde tu compra, para realizar tu reserva escribenos a whassap: \u00a0https:\/\/wa.me\/56977494608 o escribenos por inbox al instagram https:\/\/www.instagram.com\/arcaabundancia Primer audio Meditaci\u00f3n y Activaci\u00f3n de la abundancia para atraer las memorias de riquezas de tus vidas pasadas a este presente. Segundo audio Meditaci\u00f3n y Activacion de la abundancia par atraer memorias de riquezas tu arbol genealogico a tu presente. Tercer audio Activacion de la abundancia en el presente-futuro. Requisitos: es fundamental que tengas correo GMAIL, ya que el material quedar\u00e1 archivado en tus documentos para que no se te pierda. Recuerda que no hacemos devolucion de dinero. Valor General : $18.888 pesos Chilenos, puedes pagar por transferencia nacional o internacional. El pago por Paypal es de 25 dolares. Tambien puedes comprar cada audio por separado a : $8.888 pesos chilenos o por 15 dolares por paypal. No incluye video. Reservas al whassap https:\/\/wa.me\/56977494608 o por inbox al instagram de la facilitadora https:\/\/www.instagram.com\/arcaabundanciaConsideraciones: Recuerda que no hacemos devoluci\u00f3n de\u00a0dinero.Un gran abrazo tu Terapeuta y Coah... <a href=\"https:\/\/www.arcavioleta.cl\/?p=2633\" class=\"more-link\" >read more<\/a>\t\t\n\t\t<\/article> <!-- .et_pb_post -->\n<\/div> <!-- .et_pb_posts --><div class=\"pagination clearfix\">\n\t<div class=\"alignleft\"><a href=\"https:\/\/www.arcavioleta.cl\/index.php?rest_route=%2Fwp%2Fv2%2Fpages%2F101&#038;paged=2\" >&laquo; Older Entries<\/a><\/div>\n\t<div class=\"alignright\"><\/div>\n<\/div>\n\t\t<\/div>\n\t\t<\/div> <!-- .et_pb_column -->\n\t\t<\/div> <!-- .et_pb_row -->\n\t\t\t\n\t\t<\/div> <!-- .et_pb_section --><div class=\"et_pb_section et_section_regular\" style='background-color:#ffffff;'>\n\t\t\t\n\t\t\t\n\t\t\t\t\n\t\t\t\t<div class=\"et_pb_row\">\n\t\t\t<div class=\"et_pb_column et_pb_column_4_4\">\n\t\t\t<div class=\"et_pb_text et_pb_bg_layout_light et_pb_text_align_center\">\n\t\t\t\n<h2>Cursos, Talleres\u00a0y Otras Actividades<\/h2>\n\n\t\t<\/div> <!-- .et_pb_text -->\n\t\t<\/div> <!-- .et_pb_column -->\n\t\t<\/div> <!-- .et_pb_row --><div class=\"et_pb_row\">\n\t\t\t<div class=\"et_pb_column et_pb_column_1_4\">\n\t\t\t<a href=\"http:\/\/www.complementatusalud.cl\/?page_id=467\"><img decoding=\"async\" src=\"http:\/\/www.arcavioleta.cl\/wp-content\/uploads\/2015\/03\/Curso-Circulos-de-luz-F1.jpg\" alt=\"\" class=\"et-waypoint et_pb_image et_pb_animation_left\" \/><\/a><a href=\"http:\/\/www.complementatusalud.cl\/?p=395\"><img decoding=\"async\" src=\"http:\/\/www.arcavioleta.cl\/wp-content\/uploads\/2015\/03\/b_000005.jpg\" alt=\"\" class=\"et-waypoint et_pb_image et_pb_animation_left\" \/><\/a>\n\t\t<\/div> <!-- .et_pb_column --><div class=\"et_pb_column et_pb_column_1_4\">\n\t\t\t<a href=\"http:\/\/www.complementatusalud.cl\/?page_id=514\"><img decoding=\"async\" src=\"http:\/\/www.arcavioleta.cl\/wp-content\/uploads\/2015\/03\/canalizacion-F1.jpg\" alt=\"\" class=\"et-waypoint et_pb_image et_pb_animation_left\" \/><\/a><a href=\"http:\/\/www.complementatusalud.cl\/?page_id=631\"><img decoding=\"async\" src=\"http:\/\/www.arcavioleta.cl\/wp-content\/uploads\/2015\/03\/b_000006.jpg\" alt=\"\" class=\"et-waypoint et_pb_image et_pb_animation_left\" \/><\/a>\n\t\t<\/div> <!-- .et_pb_column --><div class=\"et_pb_column et_pb_column_1_4\">\n\t\t\t<a href=\"http:\/\/www.complementatusalud.cl\/wpluna\/?page_id=586\"><img decoding=\"async\" src=\"http:\/\/www.arcavioleta.cl\/wp-content\/uploads\/2015\/11\/taller-gemoterapia-F1.jpg\" alt=\"\" class=\"et-waypoint et_pb_image et_pb_animation_left\" \/><\/a><a href=\"http:\/\/www.complementatusalud.cl\/?page_id=571\"><img decoding=\"async\" src=\"http:\/\/www.arcavioleta.cl\/wp-content\/uploads\/2015\/03\/encuentros-circulos-de-luz-F1.jpg\" alt=\"\" class=\"et-waypoint et_pb_image et_pb_animation_left\" \/><\/a>\n\t\t<\/div> <!-- .et_pb_column --><div class=\"et_pb_column et_pb_column_1_4\">\n\t\t\t<a href=\"http:\/\/www.complementatusalud.cl\/?p=135\"><img decoding=\"async\" src=\"http:\/\/www.arcavioleta.cl\/wp-content\/uploads\/2015\/03\/ACTIVACION-DEL-TIMO-F13.jpg\" alt=\"\" class=\"et-waypoint et_pb_image et_pb_animation_left\" \/><\/a>\n\t\t<\/div> <!-- .et_pb_column -->\n\t\t<\/div> <!-- .et_pb_row -->\n\t\t\t\n\t\t<\/div> <!-- .et_pb_section --><\/p>\n","protected":false},"excerpt":{"rendered":"","protected":false},"author":1,"featured_media":0,"parent":0,"menu_order":0,"comment_status":"closed","ping_status":"open","template":"","meta":{"footnotes":""},"class_list":["post-101","page","type-page","status-publish","hentry"],"_links":{"self":[{"href":"https:\/\/www.arcavioleta.cl\/index.php?rest_route=\/wp\/v2\/pages\/101","targetHints":{"allow":["GET"]}}],"collection":[{"href":"https:\/\/www.arcavioleta.cl\/index.php?rest_route=\/wp\/v2\/pages"}],"about":[{"href":"https:\/\/www.arcavioleta.cl\/index.php?rest_route=\/wp\/v2\/types\/page"}],"author":[{"embeddable":true,"href":"https:\/\/www.arcavioleta.cl\/index.php?rest_route=\/wp\/v2\/users\/1"}],"replies":[{"embeddable":true,"href":"https:\/\/www.arcavioleta.cl\/index.php?rest_route=%2Fwp%2Fv2%2Fcomments&post=101"}],"version-history":[{"count":75,"href":"https:\/\/www.arcavioleta.cl\/index.php?rest_route=\/wp\/v2\/pages\/101\/revisions"}],"predecessor-version":[{"id":1902,"href":"https:\/\/www.arcavioleta.cl\/index.php?rest_route=\/wp\/v2\/pages\/101\/revisions\/1902"}],"wp:attachment":[{"href":"https:\/\/www.arcavioleta.cl\/index.php?rest_route=%2Fwp%2Fv2%2Fmedia&parent=101"}],"curies":[{"name":"wp","href":"https:\/\/api.w.org\/{rel}","templated":true}]}}